{"id":11,"date":"2020-01-14T19:17:47","date_gmt":"2020-01-14T18:17:47","guid":{"rendered":"http:\/\/neu.akkordeon-neumuenster.de\/?page_id=11"},"modified":"2026-03-23T07:55:11","modified_gmt":"2026-03-23T06:55:11","slug":"aktuelles","status":"publish","type":"page","link":"https:\/\/akkordeon-neumuenster.de\/?page_id=11","title":{"rendered":"Aktuelles"},"content":{"rendered":"\t\t<div data-elementor-type=\"wp-page\" data-elementor-id=\"11\" class=\"elementor elementor-11\">\n\t\t\t\t\t\t<section class=\"elementor-section elementor-top-section elementor-element elementor-element-5145e8a4 elementor-section-boxed elementor-section-height-default elementor-section-height-default\" data-id=\"5145e8a4\" data-element_type=\"section\">\n\t\t\t\t\t\t<div class=\"elementor-container elementor-column-gap-default\">\n\t\t\t\t\t<div class=\"elementor-column elementor-col-100 elementor-top-column elementor-element elementor-element-2baec065\" data-id=\"2baec065\" data-element_type=\"column\">\n\t\t\t<div class=\"elementor-widget-wrap elementor-element-populated\">\n\t\t\t\t\t\t<div class=\"elementor-element elementor-element-5ea340c7 elementor-widget elementor-widget-text-editor\" data-id=\"5ea340c7\" data-element_type=\"widget\" data-widget_type=\"text-editor.default\">\n\t\t\t\t<div class=\"elementor-widget-container\">\n\t\t\t\t\t\t\t\t\t<h2>Unsere Termine f\u00fcr 2026<\/h2>\n<p><!-- \/wp:heading --><!-- wp:separator --><\/p>\n<hr \/>\n<p><!-- \/wp:separator --><\/p>\n<div><span style=\"text-decoration: underline; color: #ff0000;\"><strong>Echt vielf\u00e4ltig!<\/strong><\/span><\/div>\n<div>\u00a0<\/div>\n<div class=\"wpem-event-date-time\"><strong><span class=\"wpem-event-date-time-text\">Eine \u00c4ra geht zu Ende:<\/span><\/strong><\/div>\n<div>\u00a0<\/div>\n<div class=\"wpem-event-date-time\"><strong>Abschiedskonzert<\/strong> von <strong>Norman R\u00f6hl<\/strong> als Dirigent des Akkordeonorchesters Neum\u00fcnster!<\/div>\n<div>\u00a0<\/div>\n<div>Wir bedanken uns f\u00fcr 22 Jahre intensive Zusammenarbeit,\u00a0 gro\u00dfen musikalischen Fortschritt, eine tolle gemeinsame Zeit und w\u00fcnschen ihm von Herzen alles Gute f\u00fcr den weiteren musikalischen Weg.\u00a0<\/div>\n<div>\u00a0<\/div>\n<p>\u00a0Am <strong>18. April<\/strong> um <strong>18 Uhr<\/strong> in der <strong>Bugenhagenkirche Neum\u00fcnster<\/strong><\/p>\n<p>Kartenvorverkauf unter 04321\/68112<\/p>\n<p>Eintritt: 15 Euro\/erm\u00e4\u00dfigt 12 Euro<\/p>\n<p style=\"font-size: 18px;\">\u00a0<\/p>\n<p><br \/><br \/><\/p>\t\t\t\t\t\t\t\t<\/div>\n\t\t\t\t<\/div>\n\t\t\t\t\t<\/div>\n\t\t<\/div>\n\t\t\t\t\t<\/div>\n\t\t<\/section>\n\t\t\t\t<section class=\"elementor-section elementor-top-section elementor-element elementor-element-7a01476 elementor-section-boxed elementor-section-height-default elementor-section-height-default\" data-id=\"7a01476\" data-element_type=\"section\">\n\t\t\t\t\t\t<div class=\"elementor-container elementor-column-gap-default\">\n\t\t\t\t\t<div class=\"elementor-column elementor-col-100 elementor-top-column elementor-element elementor-element-8fd64fd\" data-id=\"8fd64fd\" data-element_type=\"column\">\n\t\t\t<div class=\"elementor-widget-wrap elementor-element-populated\">\n\t\t\t\t\t\t\t<\/div>\n\t\t<\/div>\n\t\t\t\t\t<\/div>\n\t\t<\/section>\n\t\t\t\t<\/div>\n\t\t","protected":false},"excerpt":{"rendered":"<p>Unsere Termine f\u00fcr 2026 Echt vielf\u00e4ltig! \u00a0 Eine \u00c4ra geht zu Ende: \u00a0 Abschiedskonzert von Norman R\u00f6hl als Dirigent des Akkordeonorchesters Neum\u00fcnster! \u00a0 Wir bedanken uns f\u00fcr 22 Jahre intensive Zusammenarbeit,\u00a0 gro\u00dfen musikalischen Fortschritt, eine tolle gemeinsame Zeit und w\u00fcnschen ihm von Herzen alles Gute f\u00fcr den weiteren musikalischen Weg.\u00a0 \u00a0 \u00a0Am 18. April um [&hellip;]<\/p>\n","protected":false},"author":1,"featured_media":0,"parent":0,"menu_order":0,"comment_status":"closed","ping_status":"closed","template":"","meta":{"footnotes":""},"class_list":["post-11","page","type-page","status-publish","hentry","entry"],"_links":{"self":[{"href":"https:\/\/akkordeon-neumuenster.de\/index.php?rest_route=\/wp\/v2\/pages\/11","targetHints":{"allow":["GET"]}}],"collection":[{"href":"https:\/\/akkordeon-neumuenster.de\/index.php?rest_route=\/wp\/v2\/pages"}],"about":[{"href":"https:\/\/akkordeon-neumuenster.de\/index.php?rest_route=\/wp\/v2\/types\/page"}],"author":[{"embeddable":true,"href":"https:\/\/akkordeon-neumuenster.de\/index.php?rest_route=\/wp\/v2\/users\/1"}],"replies":[{"embeddable":true,"href":"https:\/\/akkordeon-neumuenster.de\/index.php?rest_route=%2Fwp%2Fv2%2Fcomments&post=11"}],"version-history":[{"count":91,"href":"https:\/\/akkordeon-neumuenster.de\/index.php?rest_route=\/wp\/v2\/pages\/11\/revisions"}],"predecessor-version":[{"id":243,"href":"https:\/\/akkordeon-neumuenster.de\/index.php?rest_route=\/wp\/v2\/pages\/11\/revisions\/243"}],"wp:attachment":[{"href":"https:\/\/akkordeon-neumuenster.de\/index.php?rest_route=%2Fwp%2Fv2%2Fmedia&parent=11"}],"curies":[{"name":"wp","href":"https:\/\/api.w.org\/{rel}","templated":true}]}}