{"id":2,"date":"2020-01-06T20:05:08","date_gmt":"2020-01-06T19:05:08","guid":{"rendered":"http:\/\/neu.akkordeon-neumuenster.de\/?page_id=2"},"modified":"2020-03-11T11:14:06","modified_gmt":"2020-03-11T10:14:06","slug":"beispiel-seite","status":"publish","type":"page","link":"https:\/\/akkordeon-neumuenster.de\/","title":{"rendered":"Startseite"},"content":{"rendered":"\n<p>Das Akkordeon-Orchester Neum\u00fcnster besteht aus 15-20 aktiven Spieler\/innen. F\u00fcr alle von uns ist die w\u00f6chentliche Probe ein fester Termin, der Priorit\u00e4t hat. Hier werden neue St\u00fccke ausprobiert und einstudiert oder bekannte Werke verbessert. <br>Unter der Leitung von Norman R\u00f6hl spielen wir alles, was uns gef\u00e4llt und wovon wir meinen, dass es bei den Zuh\u00f6rer\/innen gut ankommt. Ernste, getragene und klassische Kompositionen geh\u00f6ren genauso zu unserem Repertoire wie moderne, rhythmische St\u00fccke aus der Film- oder Unterhaltungsmusik. Unser Bestreben ist es, dem Publikum die gro\u00dfe Vielfalt des Akkordeons auf hohem Niveau nahezubringen und ein sch\u00f6nes, musikalisches Erlebnis zu bieten.  <br><\/p>\n\n\n\n<p><\/p>\n\n\n\n<p>Wir w\u00fcrden uns \u00fcber tatkr\u00e4ftige Unterst\u00fctzung im Orchester sehr \nfreuen. Wenn du Spa\u00df und Ehrgeiz am Akkordeonspiel mitbringst, sehr \nsicher Noten lesen kannst, dann bist du herzlich eingeladen, am Montag \neinfach einmal bei einer Probe vorbeizuschauen: Gemeinderaum \nErl\u00f6serkirche Gadeland, 19:30 \u2013 21.30 Uhr. Oder nimm mit uns Kontakt \nauf!<\/p>\n\n\n\n<p>Als f\u00f6rderndes Mitglied kann grunds\u00e4tzlich jeder bei uns mitmachen.<\/p>\n\n\n\n<figure class=\"wp-block-image size-large\"><img fetchpriority=\"high\" decoding=\"async\" width=\"998\" height=\"666\" src=\"http:\/\/neu.akkordeon-neumuenster.de\/wp-content\/uploads\/2020\/02\/850_1856.jpg\" alt=\"\" class=\"wp-image-61\" srcset=\"https:\/\/akkordeon-neumuenster.de\/wp-content\/uploads\/2020\/02\/850_1856.jpg 998w, https:\/\/akkordeon-neumuenster.de\/wp-content\/uploads\/2020\/02\/850_1856-300x200.jpg 300w, https:\/\/akkordeon-neumuenster.de\/wp-content\/uploads\/2020\/02\/850_1856-768x513.jpg 768w\" sizes=\"(max-width: 998px) 100vw, 998px\" \/><figcaption>Jahreskonzert 2019<\/figcaption><\/figure>\n","protected":false},"excerpt":{"rendered":"<p>Das Akkordeon-Orchester Neum\u00fcnster besteht aus 15-20 aktiven Spieler\/innen. F\u00fcr alle von uns ist die w\u00f6chentliche Probe ein fester Termin, der Priorit\u00e4t hat. Hier werden neue St\u00fccke ausprobiert und einstudiert oder bekannte Werke verbessert. Unter der Leitung von Norman R\u00f6hl spielen wir alles, was uns gef\u00e4llt und wovon wir meinen, dass es bei den Zuh\u00f6rer\/innen gut [&hellip;]<\/p>\n","protected":false},"author":1,"featured_media":0,"parent":0,"menu_order":0,"comment_status":"closed","ping_status":"open","template":"","meta":{"footnotes":""},"class_list":["post-2","page","type-page","status-publish","hentry","entry"],"_links":{"self":[{"href":"https:\/\/akkordeon-neumuenster.de\/index.php?rest_route=\/wp\/v2\/pages\/2","targetHints":{"allow":["GET"]}}],"collection":[{"href":"https:\/\/akkordeon-neumuenster.de\/index.php?rest_route=\/wp\/v2\/pages"}],"about":[{"href":"https:\/\/akkordeon-neumuenster.de\/index.php?rest_route=\/wp\/v2\/types\/page"}],"author":[{"embeddable":true,"href":"https:\/\/akkordeon-neumuenster.de\/index.php?rest_route=\/wp\/v2\/users\/1"}],"replies":[{"embeddable":true,"href":"https:\/\/akkordeon-neumuenster.de\/index.php?rest_route=%2Fwp%2Fv2%2Fcomments&post=2"}],"version-history":[{"count":8,"href":"https:\/\/akkordeon-neumuenster.de\/index.php?rest_route=\/wp\/v2\/pages\/2\/revisions"}],"predecessor-version":[{"id":126,"href":"https:\/\/akkordeon-neumuenster.de\/index.php?rest_route=\/wp\/v2\/pages\/2\/revisions\/126"}],"wp:attachment":[{"href":"https:\/\/akkordeon-neumuenster.de\/index.php?rest_route=%2Fwp%2Fv2%2Fmedia&parent=2"}],"curies":[{"name":"wp","href":"https:\/\/api.w.org\/{rel}","templated":true}]}}